{"id":641,"date":"2020-04-15T22:22:27","date_gmt":"2020-04-15T19:22:27","guid":{"rendered":"http:\/\/poolifes.com\/DEMO\/?page_id=641"},"modified":"2025-03-11T13:32:44","modified_gmt":"2025-03-11T10:32:44","slug":"iletisim","status":"publish","type":"page","link":"https:\/\/parcaqua.com\/en\/iletisim\/","title":{"rendered":"CONTACT"},"content":{"rendered":"<p>[vc_row equal_height=&#8221;yes&#8221; css=&#8221;.vc_custom_1739197171086{margin-top: -20px !important;}&#8221;][vc_column width=&#8221;1\/2&#8243;][vc_raw_html]JTNDaSUyMGNsYXNzJTNEJTIyZmElMjBmYS1tYXAlMjIlMjBzdHlsZSUzRCUyMiUwQSUyMCUyMCUyMCUyMGZvbnQtc2l6ZSUzQSUyMDI1cHglM0IlMEElMjAlMjAlMjAlMjBjb2xvciUzQSUyMCUyM2Q5M2Q0NSUzQiUwQSUyMCUyMCUyMCUwQSUyMCUyMCUyMCUyMHdpZHRoJTNBJTIwMzVweCUzQiUwQSUyMCUyMCUyMCUyMHRleHQtYWxpZ24lM0ElMjBjZW50ZXIlM0IlMEElMjAlMjAlMjAlMjBwYWRkaW5nJTNBJTIwOHB4JTNCJTBBJTIyJTNFJTNDJTJGaSUzRSUzQ3NwYW4lMjBzdHlsZSUzRCUyMiUwQSUyMCUyMCUyMCUyMGNvbG9yJTNBJTIwJTIzMjcyNzI3JTNCJTBBJTIwJTIwJTIwZm9udC1zaXplJTNBJTIwMTdweCUzQiUwQSUyMCUyMCUyMCUyMGZvbnQtZmFtaWx5JTNBJTIwJTIyUG9wcGlucyUyMiUyQyUyMHNhbnMtc2VyaWYlM0IlMEElMjIlM0UlMjBNdXN0YWZhcGElQzUlOUZhJTIwTWFoLiUyMDcwMSUyMFNvay4lMjBObyUzQTMlMkMlMjA0MTQwMCUwQUdlYnplJTJGS09DQUVMJUM0JUIwJTNDJTJGc3BhbiUzRSUwQSUzQ2JyJTNFJTNDYnIlM0UlMEElM0NpJTIwY2xhc3MlM0QlMjJmYSUyMGZhLXBob25lJTIyJTIwc3R5bGUlM0QlMjIlMEElMjAlMjAlMjAlMjBmb250LXNpemUlM0ElMjAyNXB4JTNCJTBBJTIwJTIwJTIwJTIwY29sb3IlM0ElMjAlMjNkOTNkNDUlM0IlMEElMjAlMjAlMjAlMjAlMEElMjAlMjAlMjAlMjB3aWR0aCUzQSUyMDM1cHglM0IlMEElMjAlMjAlMjAlMjB0ZXh0LWFsaWduJTNBJTIwY2VudGVyJTNCJTBBJTIwJTIwJTIwJTIwcGFkZGluZyUzQSUyMDhweCUzQiUwQSUyMiUzRSUzQyUyRmklM0UlM0NhJTIwaHJlZiUzRCUyMnRlbCUzQSUyQjkwJTIwNTM3JTIwOTg1JTIwODElMjAwNSUyMiUyMHN0eWxlJTNEJTIyJTBBJTIwJTIwJTIwJTIwY29sb3IlM0ElMjAlMjMyNzI3MjclM0IlMEElMjAlMjBmb250LXNpemUlM0ElMjAxN3B4JTNCJTBBJTIwJTIwJTIwJTIwZm9udC1mYW1pbHklM0ElMjAlMjJQb3BwaW5zJTIyJTJDJTIwc2Fucy1zZXJpZiUzQiUwQSUyMiUzRSUyMCUyQjkwJTIwNTM3JTIwOTg1JTIwODElMjAwNSUyMCUzQyUyRmElM0UlMjAlMjAlN0MlMjAlM0NhJTIwaHJlZiUzRCUyMnRlbCUzQSUyQjkwJTIwNTAxJTIwMzQyJTIwMzMlMjAzNyUyMiUyMHN0eWxlJTNEJTIyJTBBJTIwJTIwJTIwJTIwY29sb3IlM0ElMjAlMjMyNzI3MjclM0IlMjBmb250LXNpemUlM0ElMjAxN3B4JTNCJTBBJTIwJTIwJTIwJTIwZm9udC1mYW1pbHklM0ElMjAlMjJQb3BwaW5zJTIyJTJDJTIwc2Fucy1zZXJpZiUzQiUwQSUyMiUzRSUyMCUyQjkwJTIwNTAxJTIwMzQyJTIwMzMlMjAzNyUyMCUzQyUyRmElM0UlMjAlMEElM0NiciUzRSUzQ2JyJTNFJTBBJTNDaSUyMGNsYXNzJTNEJTIyZmElMjBmYS1lbnZlbG9wZSUyMiUyMHN0eWxlJTNEJTIyJTBBJTIwJTIwJTIwJTIwZm9udC1zaXplJTNBJTIwMjVweCUzQiUwQSUyMCUyMCUyMCUyMGNvbG9yJTNBJTIwJTIzZDkzZDQ1JTNCJTBBJTIwJTBBJTIwJTIwJTIwJTIwd2lkdGglM0ElMjAzNXB4JTNCJTBBJTIwJTIwJTIwJTIwdGV4dC1hbGlnbiUzQSUyMGNlbnRlciUzQiUwQSUyMCUyMCUyMCUyMHBhZGRpbmclM0ElMjA4cHglM0IlMEElMjIlM0UlM0MlMkZpJTNFJTBBJTBBJTNDYSUyMGhyZWYlM0QlMjJtYWlsdG8lM0FpbmZvJTQwcGFyY2FxdWEuY29tJTIyJTIwc3R5bGUlM0QlMjIlMEElMjAlMjAlMjAlMjBjb2xvciUzQSUyMCUyMzI3MjcyNyUzQiUyMCUyMGZvbnQtc2l6ZSUzQSUyMDE3cHglM0IlMEElMjAlMjAlMjAlMjBmb250LWZhbWlseSUzQSUyMCUyMlBvcHBpbnMlMjIlMkMlMjBzYW5zLXNlcmlmJTNCJTBBJTIyJTNFJTIwaW5mbyU0MHBhcmNhcXVhLmNvbSUyMCUzQyUyRmElM0UlMjAlMEElM0NiciUzRSUyMCUzQ2JyJTNFJTIwJTNDaHIlM0UlMEElM0NpZnJhbWUlMjBzcmMlM0QlMjJodHRwcyUzQSUyRiUyRnd3dy5nb29nbGUuY29tJTJGbWFwcyUyRmVtYmVkJTNGcGIlM0QlMjExbTE4JTIxMW0xMiUyMTFtMyUyMTFkNzU1LjEwNTI3ODg3ODcwMDUlMjEyZDI5LjQyMjk2NTc2OTU0MTUzOCUyMTNkNDAuNzk2NzM5MDEzNDcxMTIlMjEybTMlMjExZjAlMjEyZjAlMjEzZjAlMjEzbTIlMjExaTEwMjQlMjEyaTc2OCUyMTRmMTMuMSUyMTNtMyUyMTFtMiUyMTFzMHgxNGNiMjA3ZTAwYjljYzM5JTI1M0EweGJjYTViODc5NzA5YTI4OTAlMjEyc011c3RhZmFwYSUyNUM1JTI1OUZhJTI1MkMlMjUyMDcwMS4lMjUyMFNrLiUyNTIwTm8lMjUzQTMlMjUyQyUyNTIwNDE0MDAlMjUyMEdlYnplJTI1MkZLb2NhZWxpJTIxNWUwJTIxM20yJTIxMXN0ciUyMTJzdHIlMjE0djE3NDA0Nzk5MTcyMzMlMjE1bTIlMjExc3RyJTIxMnN0ciUyMiUyMHdpZHRoJTNEJTIyMTAwJTI1JTIyJTIwaGVpZ2h0JTNEJTIyMjUwJTIyJTIwc3R5bGUlM0QlMjJib3JkZXIlM0EwJTNCJTIyJTIwYWxsb3dmdWxsc2NyZWVuJTNEJTIyJTIyJTIwbG9hZGluZyUzRCUyMmxhenklMjIlMjByZWZlcnJlcnBvbGljeSUzRCUyMm5vLXJlZmVycmVyLXdoZW4tZG93bmdyYWRlJTIyJTNFJTNDJTJGaWZyYW1lJTNF[\/vc_raw_html][\/vc_column][vc_column width=&#8221;1\/2&#8243;]<div class=\"wpforms-container wpforms-container-full wpforms-render-modern\" id=\"wpforms-1695\"><form id=\"wpforms-form-1695\" class=\"wpforms-validate wpforms-form wpforms-ajax-form\" data-formid=\"1695\" method=\"post\" enctype=\"multipart\/form-data\" action=\"\/en\/wp-json\/wp\/v2\/pages\/641\" data-token=\"394e6b8c368d8a029201f511fd3c329f\" data-token-time=\"1776377533\"><noscript class=\"wpforms-error-noscript\">Please enable JavaScript in your browser to complete this form.<\/noscript><div class=\"wpforms-hidden\" id=\"wpforms-error-noscript\">Please enable JavaScript in your browser to complete this form.<\/div><div class=\"wpforms-field-container\"><div id=\"wpforms-1695-field_1-container\" class=\"wpforms-field wpforms-field-name\" data-field-id=\"1\"><label class=\"wpforms-field-label\" for=\"wpforms-1695-field_1\">Name Surname or Company Name <span class=\"wpforms-required-label\" aria-hidden=\"true\">*<\/span><\/label><input type=\"text\" id=\"wpforms-1695-field_1\" class=\"wpforms-field-medium wpforms-field-required\" name=\"wpforms[fields][1]\" aria-errormessage=\"wpforms-1695-field_1-error\" required><\/div><div id=\"wpforms-1695-field_4-container\" class=\"wpforms-field wpforms-field-text\" data-field-id=\"4\"><label class=\"wpforms-field-label\" for=\"wpforms-1695-field_4\">Phone<\/label><input type=\"text\" id=\"wpforms-1695-field_4\" class=\"wpforms-field-medium\" name=\"wpforms[fields][4]\" aria-errormessage=\"wpforms-1695-field_4-error\" ><\/div><div id=\"wpforms-1695-field_2-container\" class=\"wpforms-field wpforms-field-email\" data-field-id=\"2\"><label class=\"wpforms-field-label\" for=\"wpforms-1695-field_2\">E-Mail <span class=\"wpforms-required-label\" aria-hidden=\"true\">*<\/span><\/label><input type=\"email\" id=\"wpforms-1695-field_2\" class=\"wpforms-field-medium wpforms-field-required\" name=\"wpforms[fields][2]\" spellcheck=\"false\" aria-errormessage=\"wpforms-1695-field_2-error\" required><\/div><div id=\"wpforms-1695-field_3-container\" class=\"wpforms-field wpforms-field-textarea\" data-field-id=\"3\"><label class=\"wpforms-field-label\" for=\"wpforms-1695-field_3\">Messages <span class=\"wpforms-required-label\" aria-hidden=\"true\">*<\/span><\/label><textarea id=\"wpforms-1695-field_3\" class=\"wpforms-field-medium wpforms-field-required\" name=\"wpforms[fields][3]\" aria-errormessage=\"wpforms-1695-field_3-error\" required><\/textarea><\/div><\/div><!-- .wpforms-field-container --><div class=\"wpforms-recaptcha-container wpforms-is-recaptcha wpforms-is-recaptcha-type-v2\" ><div class=\"g-recaptcha\" data-sitekey=\"6LcZGvcpAAAAAMGxwKO6lSv3XDKq8maJ8otxmb-m\"><\/div><input type=\"text\" name=\"g-recaptcha-hidden\" class=\"wpforms-recaptcha-hidden\" style=\"position:absolute!important;clip:rect(0,0,0,0)!important;height:1px!important;width:1px!important;border:0!important;overflow:hidden!important;padding:0!important;margin:0!important;\" data-rule-recaptcha=\"1\"><\/div><div class=\"wpforms-submit-container\" ><input type=\"hidden\" name=\"wpforms[id]\" value=\"1695\"><input type=\"hidden\" name=\"page_title\" value=\"\"><input type=\"hidden\" name=\"page_url\" value=\"https:\/\/parcaqua.com\/en\/wp-json\/wp\/v2\/pages\/641\"><input type=\"hidden\" name=\"url_referer\" value=\"\"><button type=\"submit\" name=\"wpforms[submit]\" id=\"wpforms-submit-1695\" class=\"wpforms-submit\" data-alt-text=\"Sending...\" data-submit-text=\"SEND\" aria-live=\"assertive\" value=\"wpforms-submit\">SEND<\/button><img loading=\"lazy\" decoding=\"async\" src=\"https:\/\/parcaqua.com\/wp-content\/plugins\/wpforms-lite\/assets\/images\/submit-spin.svg\" class=\"wpforms-submit-spinner\" style=\"display: none;\" width=\"26\" height=\"26\" alt=\"Loading\"><\/div><\/form><\/div>  <!-- .wpforms-container -->[\/vc_column][\/vc_row]<\/p>","protected":false},"excerpt":{"rendered":"<p>[vc_row equal_height=&#8221;yes&#8221; css=&#8221;.vc_custom_1739197171086{margin-top: -20px !important;}&#8221;][vc_column width=&#8221;1\/2&#8243;][vc_raw_html]JTNDaSUyMGNsYXNzJTNEJTIyZmElMjBmYS1tYXAlMjIlMjBzdHlsZSUzRCUyMiUwQSUyMCUyMCUyMCUyMGZvbnQtc2l6ZSUzQSUyMDI1cHglM0IlMEElMjAlMjAlMjAlMjBjb2xvciUzQSUyMCUyM2Q5M2Q0NSUzQiUwQSUyMCUyMCUyMCUwQSUyMCUyMCUyMCUyMHdpZHRoJTNBJTIwMzVweCUzQiUwQSUyMCUyMCUyMCUyMHRleHQtYWxpZ24lM0ElMjBjZW50ZXIlM0IlMEElMjAlMjAlMjAlMjBwYWRkaW5nJTNBJTIwOHB4JTNCJTBBJTIyJTNFJTNDJTJGaSUzRSUzQ3NwYW4lMjBzdHlsZSUzRCUyMiUwQSUyMCUyMCUyMCUyMGNvbG9yJTNBJTIwJTIzMjcyNzI3JTNCJTBBJTIwJTIwJTIwZm9udC1zaXplJTNBJTIwMTdweCUzQiUwQSUyMCUyMCUyMCUyMGZvbnQtZmFtaWx5JTNBJTIwJTIyUG9wcGlucyUyMiUyQyUyMHNhbnMtc2VyaWYlM0IlMEElMjIlM0UlMjBNdXN0YWZhcGElQzUlOUZhJTIwTWFoLiUyMDcwMSUyMFNvay4lMjBObyUzQTMlMkMlMjA0MTQwMCUwQUdlYnplJTJGS09DQUVMJUM0JUIwJTNDJTJGc3BhbiUzRSUwQSUzQ2JyJTNFJTNDYnIlM0UlMEElM0NpJTIwY2xhc3MlM0QlMjJmYSUyMGZhLXBob25lJTIyJTIwc3R5bGUlM0QlMjIlMEElMjAlMjAlMjAlMjBmb250LXNpemUlM0ElMjAyNXB4JTNCJTBBJTIwJTIwJTIwJTIwY29sb3IlM0ElMjAlMjNkOTNkNDUlM0IlMEElMjAlMjAlMjAlMjAlMEElMjAlMjAlMjAlMjB3aWR0aCUzQSUyMDM1cHglM0IlMEElMjAlMjAlMjAlMjB0ZXh0LWFsaWduJTNBJTIwY2VudGVyJTNCJTBBJTIwJTIwJTIwJTIwcGFkZGluZyUzQSUyMDhweCUzQiUwQSUyMiUzRSUzQyUyRmklM0UlM0NhJTIwaHJlZiUzRCUyMnRlbCUzQSUyQjkwJTIwNTM3JTIwOTg1JTIwODElMjAwNSUyMiUyMHN0eWxlJTNEJTIyJTBBJTIwJTIwJTIwJTIwY29sb3IlM0ElMjAlMjMyNzI3MjclM0IlMEElMjAlMjBmb250LXNpemUlM0ElMjAxN3B4JTNCJTBBJTIwJTIwJTIwJTIwZm9udC1mYW1pbHklM0ElMjAlMjJQb3BwaW5zJTIyJTJDJTIwc2Fucy1zZXJpZiUzQiUwQSUyMiUzRSUyMCUyQjkwJTIwNTM3JTIwOTg1JTIwODElMjAwNSUyMCUzQyUyRmElM0UlMjAlMjAlN0MlMjAlM0NhJTIwaHJlZiUzRCUyMnRlbCUzQSUyQjkwJTIwNTAxJTIwMzQyJTIwMzMlMjAzNyUyMiUyMHN0eWxlJTNEJTIyJTBBJTIwJTIwJTIwJTIwY29sb3IlM0ElMjAlMjMyNzI3MjclM0IlMjBmb250LXNpemUlM0ElMjAxN3B4JTNCJTBBJTIwJTIwJTIwJTIwZm9udC1mYW1pbHklM0ElMjAlMjJQb3BwaW5zJTIyJTJDJTIwc2Fucy1zZXJpZiUzQiUwQSUyMiUzRSUyMCUyQjkwJTIwNTAxJTIwMzQyJTIwMzMlMjAzNyUyMCUzQyUyRmElM0UlMjAlMEElM0NiciUzRSUzQ2JyJTNFJTBBJTNDaSUyMGNsYXNzJTNEJTIyZmElMjBmYS1lbnZlbG9wZSUyMiUyMHN0eWxlJTNEJTIyJTBBJTIwJTIwJTIwJTIwZm9udC1zaXplJTNBJTIwMjVweCUzQiUwQSUyMCUyMCUyMCUyMGNvbG9yJTNBJTIwJTIzZDkzZDQ1JTNCJTBBJTIwJTBBJTIwJTIwJTIwJTIwd2lkdGglM0ElMjAzNXB4JTNCJTBBJTIwJTIwJTIwJTIwdGV4dC1hbGlnbiUzQSUyMGNlbnRlciUzQiUwQSUyMCUyMCUyMCUyMHBhZGRpbmclM0ElMjA4cHglM0IlMEElMjIlM0UlM0MlMkZpJTNFJTBBJTBBJTNDYSUyMGhyZWYlM0QlMjJtYWlsdG8lM0FpbmZvJTQwcGFyY2FxdWEuY29tJTIyJTIwc3R5bGUlM0QlMjIlMEElMjAlMjAlMjAlMjBjb2xvciUzQSUyMCUyMzI3MjcyNyUzQiUyMCUyMGZvbnQtc2l6ZSUzQSUyMDE3cHglM0IlMEElMjAlMjAlMjAlMjBmb250LWZhbWlseSUzQSUyMCUyMlBvcHBpbnMlMjIlMkMlMjBzYW5zLXNlcmlmJTNCJTBBJTIyJTNFJTIwaW5mbyU0MHBhcmNhcXVhLmNvbSUyMCUzQyUyRmElM0UlMjAlMEElM0NiciUzRSUyMCUzQ2JyJTNFJTIwJTNDaHIlM0UlMEElM0NpZnJhbWUlMjBzcmMlM0QlMjJodHRwcyUzQSUyRiUyRnd3dy5nb29nbGUuY29tJTJGbWFwcyUyRmVtYmVkJTNGcGIlM0QlMjExbTE4JTIxMW0xMiUyMTFtMyUyMTFkNzU1LjEwNTI3ODg3ODcwMDUlMjEyZDI5LjQyMjk2NTc2OTU0MTUzOCUyMTNkNDAuNzk2NzM5MDEzNDcxMTIlMjEybTMlMjExZjAlMjEyZjAlMjEzZjAlMjEzbTIlMjExaTEwMjQlMjEyaTc2OCUyMTRmMTMuMSUyMTNtMyUyMTFtMiUyMTFzMHgxNGNiMjA3ZTAwYjljYzM5JTI1M0EweGJjYTViODc5NzA5YTI4OTAlMjEyc011c3RhZmFwYSUyNUM1JTI1OUZhJTI1MkMlMjUyMDcwMS4lMjUyMFNrLiUyNTIwTm8lMjUzQTMlMjUyQyUyNTIwNDE0MDAlMjUyMEdlYnplJTI1MkZLb2NhZWxpJTIxNWUwJTIxM20yJTIxMXN0ciUyMTJzdHIlMjE0djE3NDA0Nzk5MTcyMzMlMjE1bTIlMjExc3RyJTIxMnN0ciUyMiUyMHdpZHRoJTNEJTIyMTAwJTI1JTIyJTIwaGVpZ2h0JTNEJTIyMjUwJTIyJTIwc3R5bGUlM0QlMjJib3JkZXIlM0EwJTNCJTIyJTIwYWxsb3dmdWxsc2NyZWVuJTNEJTIyJTIyJTIwbG9hZGluZyUzRCUyMmxhenklMjIlMjByZWZlcnJlcnBvbGljeSUzRCUyMm5vLXJlZmVycmVyLXdoZW4tZG93bmdyYWRlJTIyJTNFJTNDJTJGaWZyYW1lJTNF[\/vc_raw_html][\/vc_column][vc_column width=&#8221;1\/2&#8243;][\/vc_column][\/vc_row]<\/p>\n","protected":false},"author":1,"featured_media":1782,"parent":0,"menu_order":0,"comment_status":"closed","ping_status":"closed","template":"","meta":[],"class_list":["post-641","page","type-page","status-publish","has-post-thumbnail","hentry","description-off"],"yoast_head":"<!-- This site is optimized with the Yoast SEO plugin v27.3 - https:\/\/yoast.com\/product\/yoast-seo-wordpress\/ -->\n<title>CONTACT - Aquapark, Su Kayd\u0131raklar\u0131, Aquabox<\/title>\n<meta name=\"description\" content=\"\u0130leti\u015fim formu, mail veya telefon ile bize ula\u015fabilirsiniz. Parcaqua olarak sizlerle ileti\u015fim kurmak bizi mutlu edecektir.\" \/>\n<meta name=\"robots\" content=\"index, follow, max-snippet:-1, max-image-preview:large, max-video-preview:-1\" \/>\n<link rel=\"canonical\" href=\"https:\/\/parcaqua.com\/iletisim\/\" \/>\n<meta property=\"og:locale\" content=\"en_US\" \/>\n<meta property=\"og:type\" content=\"article\" \/>\n<meta property=\"og:title\" content=\"Parc Aqua- Water Slide, Fiberglass Pool, Aquapark Equipments, Pool Equipments [:tr]\u0130LET\u0130\u015e\u0130M[:en]CONTACT[:] - \u0130leti\u015fim i\u00e7in\" \/>\n<meta property=\"og:description\" content=\"\u0130leti\u015fim formu, mail, DM veya telefon ile bize ula\u015fabilirsiniz. Parcaqua olarak sizlerle ileti\u015fim kurmak bizi mutlu edecektir.\" \/>\n<meta property=\"og:url\" content=\"https:\/\/parcaqua.com\/iletisim\/\" \/>\n<meta property=\"og:site_name\" content=\"Parc Aqua- Water Slide, Fiberglass Pool, Aquapark Equipments, Pool Equipments\" \/>\n<meta property=\"article:publisher\" content=\"https:\/\/www.facebook.com\/people\/Parcaqua\/61566557234644\/\" \/>\n<meta property=\"article:modified_time\" content=\"2025-03-11T10:32:44+00:00\" \/>\n<meta property=\"og:image\" content=\"https:\/\/parcaqua.com\/wp-content\/uploads\/2025\/01\/parcaqua-iletisim.webp\" \/>\n\t<meta property=\"og:image:width\" content=\"900\" \/>\n\t<meta property=\"og:image:height\" content=\"675\" \/>\n\t<meta property=\"og:image:type\" content=\"image\/webp\" \/>\n<meta name=\"twitter:card\" content=\"summary_large_image\" \/>\n<meta name=\"twitter:label1\" content=\"Est. reading time\" \/>\n\t<meta name=\"twitter:data1\" content=\"1 minute\" \/>\n<script type=\"application\/ld+json\" class=\"yoast-schema-graph\">{\"@context\":\"https:\\\/\\\/schema.org\",\"@graph\":[{\"@type\":\"WebPage\",\"@id\":\"https:\\\/\\\/parcaqua.com\\\/iletisim\\\/\",\"url\":\"https:\\\/\\\/parcaqua.com\\\/iletisim\\\/\",\"name\":\"[:tr]\u0130LET\u0130\u015e\u0130M[:en]CONTACT[:] - Aquapark, Su Kayd\u0131raklar\u0131, Aquabox\",\"isPartOf\":{\"@id\":\"https:\\\/\\\/parcaqua.com\\\/#website\"},\"primaryImageOfPage\":{\"@id\":\"https:\\\/\\\/parcaqua.com\\\/iletisim\\\/#primaryimage\"},\"image\":{\"@id\":\"https:\\\/\\\/parcaqua.com\\\/iletisim\\\/#primaryimage\"},\"thumbnailUrl\":\"https:\\\/\\\/parcaqua.com\\\/wp-content\\\/uploads\\\/2025\\\/01\\\/parcaqua-iletisim.webp\",\"datePublished\":\"2020-04-15T19:22:27+00:00\",\"dateModified\":\"2025-03-11T10:32:44+00:00\",\"description\":\"\u0130leti\u015fim formu, mail veya telefon ile bize ula\u015fabilirsiniz. Parcaqua olarak sizlerle ileti\u015fim kurmak bizi mutlu edecektir.\",\"breadcrumb\":{\"@id\":\"https:\\\/\\\/parcaqua.com\\\/iletisim\\\/#breadcrumb\"},\"inLanguage\":\"en-US\",\"potentialAction\":[{\"@type\":\"ReadAction\",\"target\":[\"https:\\\/\\\/parcaqua.com\\\/iletisim\\\/\"]}]},{\"@type\":\"ImageObject\",\"inLanguage\":\"en-US\",\"@id\":\"https:\\\/\\\/parcaqua.com\\\/iletisim\\\/#primaryimage\",\"url\":\"https:\\\/\\\/parcaqua.com\\\/wp-content\\\/uploads\\\/2025\\\/01\\\/parcaqua-iletisim.webp\",\"contentUrl\":\"https:\\\/\\\/parcaqua.com\\\/wp-content\\\/uploads\\\/2025\\\/01\\\/parcaqua-iletisim.webp\",\"width\":900,\"height\":675},{\"@type\":\"BreadcrumbList\",\"@id\":\"https:\\\/\\\/parcaqua.com\\\/iletisim\\\/#breadcrumb\",\"itemListElement\":[{\"@type\":\"ListItem\",\"position\":1,\"name\":\"Anasayfa\",\"item\":\"https:\\\/\\\/parcaqua.com\\\/\"},{\"@type\":\"ListItem\",\"position\":2,\"name\":\"\u0130LET\u0130\u015e\u0130M\"}]},{\"@type\":\"WebSite\",\"@id\":\"https:\\\/\\\/parcaqua.com\\\/#website\",\"url\":\"https:\\\/\\\/parcaqua.com\\\/\",\"name\":\"www.parcaqua.com\",\"description\":\"We want to be a part of your peaceful holiday.\",\"publisher\":{\"@id\":\"https:\\\/\\\/parcaqua.com\\\/#organization\"},\"alternateName\":\"Su Kayd\u0131raklar\u0131, Aqua Box, Aquapark \u00dcr\u00fcnleri\",\"potentialAction\":[{\"@type\":\"SearchAction\",\"target\":{\"@type\":\"EntryPoint\",\"urlTemplate\":\"https:\\\/\\\/parcaqua.com\\\/?s={search_term_string}\"},\"query-input\":{\"@type\":\"PropertyValueSpecification\",\"valueRequired\":true,\"valueName\":\"search_term_string\"}}],\"inLanguage\":\"en-US\"},{\"@type\":\"Organization\",\"@id\":\"https:\\\/\\\/parcaqua.com\\\/#organization\",\"name\":\"Parcaqua\",\"url\":\"https:\\\/\\\/parcaqua.com\\\/\",\"logo\":{\"@type\":\"ImageObject\",\"inLanguage\":\"en-US\",\"@id\":\"https:\\\/\\\/parcaqua.com\\\/#\\\/schema\\\/logo\\\/image\\\/\",\"url\":\"https:\\\/\\\/parcaqua.com\\\/wp-content\\\/uploads\\\/2025\\\/01\\\/Logo-png-3.png\",\"contentUrl\":\"https:\\\/\\\/parcaqua.com\\\/wp-content\\\/uploads\\\/2025\\\/01\\\/Logo-png-3.png\",\"width\":2750,\"height\":1250,\"caption\":\"Parcaqua\"},\"image\":{\"@id\":\"https:\\\/\\\/parcaqua.com\\\/#\\\/schema\\\/logo\\\/image\\\/\"},\"sameAs\":[\"https:\\\/\\\/www.facebook.com\\\/people\\\/Parcaqua\\\/61566557234644\\\/\",\"https:\\\/\\\/www.instagram.com\\\/parcaquatr\\\/\",\"https:\\\/\\\/www.linkedin.com\\\/company\\\/parcaqua\\\/?viewAsMember=true\",\"https:\\\/\\\/www.youtube.com\\\/@parcaqua\"]}]}<\/script>\n<!-- \/ Yoast SEO plugin. -->","yoast_head_json":{"title":"[:tr]\u0130LET\u0130\u015e\u0130M[:en]CONTACT[:] - Aquapark, Su Kayd\u0131raklar\u0131, Aquabox","description":"\u0130leti\u015fim formu, mail veya telefon ile bize ula\u015fabilirsiniz. Parcaqua olarak sizlerle ileti\u015fim kurmak bizi mutlu edecektir.","robots":{"index":"index","follow":"follow","max-snippet":"max-snippet:-1","max-image-preview":"max-image-preview:large","max-video-preview":"max-video-preview:-1"},"canonical":"https:\/\/parcaqua.com\/iletisim\/","og_locale":"en_US","og_type":"article","og_title":"Parc Aqua- Water Slide, Fiberglass Pool, Aquapark Equipments, Pool Equipments [:tr]\u0130LET\u0130\u015e\u0130M[:en]CONTACT[:] - \u0130leti\u015fim i\u00e7in","og_description":"\u0130leti\u015fim formu, mail, DM veya telefon ile bize ula\u015fabilirsiniz. Parcaqua olarak sizlerle ileti\u015fim kurmak bizi mutlu edecektir.","og_url":"https:\/\/parcaqua.com\/iletisim\/","og_site_name":"Parc Aqua- Water Slide, Fiberglass Pool, Aquapark Equipments, Pool Equipments","article_publisher":"https:\/\/www.facebook.com\/people\/Parcaqua\/61566557234644\/","article_modified_time":"2025-03-11T10:32:44+00:00","og_image":[{"width":900,"height":675,"url":"https:\/\/parcaqua.com\/wp-content\/uploads\/2025\/01\/parcaqua-iletisim.webp","type":"image\/webp"}],"twitter_card":"summary_large_image","twitter_misc":{"Est. reading time":"1 minute"},"schema":{"@context":"https:\/\/schema.org","@graph":[{"@type":"WebPage","@id":"https:\/\/parcaqua.com\/iletisim\/","url":"https:\/\/parcaqua.com\/iletisim\/","name":"[:tr]\u0130LET\u0130\u015e\u0130M[:en]CONTACT[:] - Aquapark, Su Kayd\u0131raklar\u0131, Aquabox","isPartOf":{"@id":"https:\/\/parcaqua.com\/#website"},"primaryImageOfPage":{"@id":"https:\/\/parcaqua.com\/iletisim\/#primaryimage"},"image":{"@id":"https:\/\/parcaqua.com\/iletisim\/#primaryimage"},"thumbnailUrl":"https:\/\/parcaqua.com\/wp-content\/uploads\/2025\/01\/parcaqua-iletisim.webp","datePublished":"2020-04-15T19:22:27+00:00","dateModified":"2025-03-11T10:32:44+00:00","description":"\u0130leti\u015fim formu, mail veya telefon ile bize ula\u015fabilirsiniz. Parcaqua olarak sizlerle ileti\u015fim kurmak bizi mutlu edecektir.","breadcrumb":{"@id":"https:\/\/parcaqua.com\/iletisim\/#breadcrumb"},"inLanguage":"en-US","potentialAction":[{"@type":"ReadAction","target":["https:\/\/parcaqua.com\/iletisim\/"]}]},{"@type":"ImageObject","inLanguage":"en-US","@id":"https:\/\/parcaqua.com\/iletisim\/#primaryimage","url":"https:\/\/parcaqua.com\/wp-content\/uploads\/2025\/01\/parcaqua-iletisim.webp","contentUrl":"https:\/\/parcaqua.com\/wp-content\/uploads\/2025\/01\/parcaqua-iletisim.webp","width":900,"height":675},{"@type":"BreadcrumbList","@id":"https:\/\/parcaqua.com\/iletisim\/#breadcrumb","itemListElement":[{"@type":"ListItem","position":1,"name":"Anasayfa","item":"https:\/\/parcaqua.com\/"},{"@type":"ListItem","position":2,"name":"\u0130LET\u0130\u015e\u0130M"}]},{"@type":"WebSite","@id":"https:\/\/parcaqua.com\/#website","url":"https:\/\/parcaqua.com\/","name":"www.parcaqua.com","description":"We want to be a part of your peaceful holiday.","publisher":{"@id":"https:\/\/parcaqua.com\/#organization"},"alternateName":"Su Kayd\u0131raklar\u0131, Aqua Box, Aquapark \u00dcr\u00fcnleri","potentialAction":[{"@type":"SearchAction","target":{"@type":"EntryPoint","urlTemplate":"https:\/\/parcaqua.com\/?s={search_term_string}"},"query-input":{"@type":"PropertyValueSpecification","valueRequired":true,"valueName":"search_term_string"}}],"inLanguage":"en-US"},{"@type":"Organization","@id":"https:\/\/parcaqua.com\/#organization","name":"Parcaqua","url":"https:\/\/parcaqua.com\/","logo":{"@type":"ImageObject","inLanguage":"en-US","@id":"https:\/\/parcaqua.com\/#\/schema\/logo\/image\/","url":"https:\/\/parcaqua.com\/wp-content\/uploads\/2025\/01\/Logo-png-3.png","contentUrl":"https:\/\/parcaqua.com\/wp-content\/uploads\/2025\/01\/Logo-png-3.png","width":2750,"height":1250,"caption":"Parcaqua"},"image":{"@id":"https:\/\/parcaqua.com\/#\/schema\/logo\/image\/"},"sameAs":["https:\/\/www.facebook.com\/people\/Parcaqua\/61566557234644\/","https:\/\/www.instagram.com\/parcaquatr\/","https:\/\/www.linkedin.com\/company\/parcaqua\/?viewAsMember=true","https:\/\/www.youtube.com\/@parcaqua"]}]}},"_links":{"self":[{"href":"https:\/\/parcaqua.com\/en\/wp-json\/wp\/v2\/pages\/641","targetHints":{"allow":["GET"]}}],"collection":[{"href":"https:\/\/parcaqua.com\/en\/wp-json\/wp\/v2\/pages"}],"about":[{"href":"https:\/\/parcaqua.com\/en\/wp-json\/wp\/v2\/types\/page"}],"author":[{"embeddable":true,"href":"https:\/\/parcaqua.com\/en\/wp-json\/wp\/v2\/users\/1"}],"replies":[{"embeddable":true,"href":"https:\/\/parcaqua.com\/en\/wp-json\/wp\/v2\/comments?post=641"}],"version-history":[{"count":0,"href":"https:\/\/parcaqua.com\/en\/wp-json\/wp\/v2\/pages\/641\/revisions"}],"wp:featuredmedia":[{"embeddable":true,"href":"https:\/\/parcaqua.com\/en\/wp-json\/wp\/v2\/media\/1782"}],"wp:attachment":[{"href":"https:\/\/parcaqua.com\/en\/wp-json\/wp\/v2\/media?parent=641"}],"curies":[{"name":"wp","href":"https:\/\/api.w.org\/{rel}","templated":true}]}}